{"id":17,"date":"2017-06-10T08:25:36","date_gmt":"2017-06-10T08:25:36","guid":{"rendered":"http:\/\/xtratheme.comdentist\/?page_id=8"},"modified":"2020-07-15T18:57:05","modified_gmt":"2020-07-15T18:57:05","slug":"servicios","status":"publish","type":"page","link":"http:\/\/www.divinasonrisa.com.ve\/site\/servicios\/","title":{"rendered":"Servicios"},"content":{"rendered":"<p>[vc_row][vc_column]<div class=\"cz_gap clr  hide_on_tablet hide_on_mobile\" style=\"height: 25px\"><\/div><div class=\"cz_gap show_on_tablet clr \" style=\"height: 0px\"><\/div>[\/vc_column][\/vc_row][vc_row][vc_column]<div id=\"cz_108895\" class=\"cz_108895 cz_title clr cz_title_has_icon cz_title_pos_inline\"><div class=\"cz_title_shape shape_text cz_shape_1\">SERVICIOS<\/div><div class=\"cz_title_content\"><span class=\"cz_title_icon_before cz_title_image\"><img width=\"40\" height=\"40\" src=\"data:image\/svg+xml,%3Csvg%20xmlns%3D&#39;http%3A%2F%2Fwww.w3.org%2F2000%2Fsvg&#39;%20width=&#39;40&#39;%20height=&#39;40&#39;%20viewBox%3D&#39;0%200%2040%2040&#39;%2F%3E\" data-czlz data-src=\"http:\/\/www.divinasonrisa.com.ve\/site\/wp-content\/uploads\/2017\/06\/title_icon-1.png\" class=\"attachment-thumbnail\" alt=\"\" title=\"title_icon\" \/><\/span><div class=\"cz_wpe_content\"><p><span style=\"color: #808080;\">Nuestros servicios<\/span><\/p>\n<h3>Especialidades\u00a0<span style=\"color: #7e4383;\">Divina Sonrisa<\/span><\/h3>\n<\/div><\/div><\/div><div class=\"cz_gap clr  hide_on_tablet hide_on_mobile\" style=\"height: 30px\"><\/div><div class=\"cz_gap show_on_tablet clr  show_only_tablet\" style=\"height: 25px\"><\/div><div class=\"cz_gap show_on_mobile clr\" style=\"height: 25px\"><\/div>[\/vc_column][\/vc_row][vc_row][vc_column width=\u00bb1\/4&#8243;]<div id=\"cz_43879\" class=\"cz_43879 cz_banner clr\">\n\t\t\t<figure class=\"effect-style1\">\n\t\t\t\t<img class=\"\" src=\"data:image\/svg+xml,%3Csvg%20xmlns%3D&#39;http%3A%2F%2Fwww.w3.org%2F2000%2Fsvg&#39;%20width=&#39;300&#39;%20height=&#39;219&#39;%20viewBox%3D&#39;0%200%20300%20219&#39;%2F%3E\" data-czlz data-src=\"http:\/\/www.divinasonrisa.com.ve\/site\/wp-content\/uploads\/2020\/05\/odontologia-general-divina-sonrisa-300x219.jpg\" width=\"300\" height=\"219\" alt=\"odontologia-general-divina-sonrisa\" title=\"odontologia-general-divina-sonrisa\" \/>\n\t\t\t\t<figcaption><div><h4>Odontolog\u00eda General<\/h4><p class=\"cz_wpe_content\">M\u00e1s detalles<\/p><\/div><a href=\"http:\/\/www.divinasonrisa.com.ve\/site\/odontologia-general\/\" title=\"Odontolog\u00eda general\"> <\/a><\/figcaption>\t\t\t\n\t\t\t<\/figure>\n\t\t<\/div><div class=\"cz_gap clr  hide_on_tablet hide_on_mobile\" style=\"height: 20px\"><\/div><div class=\"cz_gap show_on_tablet clr  show_only_tablet\" style=\"height: 20px\"><\/div><div class=\"cz_gap show_on_mobile clr\" style=\"height: 20px\"><\/div>[\/vc_column][vc_column width=\u00bb1\/4&#8243;]<div id=\"cz_99196\" class=\"cz_99196 cz_banner clr\">\n\t\t\t<figure class=\"effect-style1\">\n\t\t\t\t<img class=\"\" src=\"data:image\/svg+xml,%3Csvg%20xmlns%3D&#39;http%3A%2F%2Fwww.w3.org%2F2000%2Fsvg&#39;%20width=&#39;300&#39;%20height=&#39;219&#39;%20viewBox%3D&#39;0%200%20300%20219&#39;%2F%3E\" data-czlz data-src=\"http:\/\/www.divinasonrisa.com.ve\/site\/wp-content\/uploads\/2020\/05\/ortodoncia-divina-sonrisa-300x219.jpg\" width=\"300\" height=\"219\" alt=\"ortodoncia-divina-sonrisa\" title=\"ortodoncia-divina-sonrisa\" \/>\n\t\t\t\t<figcaption><div><h4>Ortodoncia<\/h4><p class=\"cz_wpe_content\">M\u00e1s detalles<\/p><\/div><a href=\"http:\/\/www.divinasonrisa.com.ve\/site\/ortodoncia\/\" title=\"Ortodoncia\"> <\/a><\/figcaption>\t\t\t\n\t\t\t<\/figure>\n\t\t<\/div><div class=\"cz_gap clr  hide_on_tablet hide_on_mobile\" style=\"height: 20px\"><\/div><div class=\"cz_gap show_on_tablet clr  show_only_tablet\" style=\"height: 20px\"><\/div><div class=\"cz_gap show_on_mobile clr\" style=\"height: 20px\"><\/div>[\/vc_column][vc_column width=\u00bb1\/4&#8243;]<div id=\"cz_87680\" class=\"cz_87680 cz_banner clr\">\n\t\t\t<figure class=\"effect-style1\">\n\t\t\t\t<img class=\"\" src=\"data:image\/svg+xml,%3Csvg%20xmlns%3D&#39;http%3A%2F%2Fwww.w3.org%2F2000%2Fsvg&#39;%20width=&#39;300&#39;%20height=&#39;219&#39;%20viewBox%3D&#39;0%200%20300%20219&#39;%2F%3E\" data-czlz data-src=\"http:\/\/www.divinasonrisa.com.ve\/site\/wp-content\/uploads\/2020\/05\/estetica-dental-divina-sonrisa-1-300x219.jpg\" width=\"300\" height=\"219\" alt=\"estetica-dental-divina-sonrisa\" title=\"estetica-dental-divina-sonrisa\" \/>\n\t\t\t\t<figcaption><div><h4>Est\u00e9tica dental<\/h4><p class=\"cz_wpe_content\">M\u00e1s detalles<\/p><\/div><a href=\"http:\/\/www.divinasonrisa.com.ve\/site\/estetica-dental\/\" title=\"Est\u00e9tica dental\"> <\/a><\/figcaption>\t\t\t\n\t\t\t<\/figure>\n\t\t<\/div><div class=\"cz_gap clr  hide_on_tablet hide_on_mobile\" style=\"height: 20px\"><\/div><div class=\"cz_gap show_on_tablet clr  show_only_tablet\" style=\"height: 20px\"><\/div><div class=\"cz_gap show_on_mobile clr\" style=\"height: 20px\"><\/div>[\/vc_column][vc_column width=\u00bb1\/4&#8243;]<div id=\"cz_54180\" class=\"cz_54180 cz_banner clr\">\n\t\t\t<figure class=\"effect-style1\">\n\t\t\t\t<img class=\"\" src=\"data:image\/svg+xml,%3Csvg%20xmlns%3D&#39;http%3A%2F%2Fwww.w3.org%2F2000%2Fsvg&#39;%20width=&#39;300&#39;%20height=&#39;219&#39;%20viewBox%3D&#39;0%200%20300%20219&#39;%2F%3E\" data-czlz data-src=\"http:\/\/www.divinasonrisa.com.ve\/site\/wp-content\/uploads\/2020\/05\/odontopediatria-divina-sonrisa-300x219.jpg\" width=\"300\" height=\"219\" alt=\"odontopediatria-divina-sonrisa\" title=\"odontopediatria-divina-sonrisa\" \/>\n\t\t\t\t<figcaption><div><h4>Odontopediatr\u00eda<\/h4><p class=\"cz_wpe_content\">M\u00e1s detalles<\/p><\/div><a href=\"http:\/\/www.divinasonrisa.com.ve\/site\/odontopediatria\/\" title=\"Odontopediatr\u00eda\"> <\/a><\/figcaption>\t\t\t\n\t\t\t<\/figure>\n\t\t<\/div><div class=\"cz_gap clr  hide_on_tablet hide_on_mobile\" style=\"height: 20px\"><\/div><div class=\"cz_gap show_on_tablet clr  show_only_tablet\" style=\"height: 20px\"><\/div><div class=\"cz_gap show_on_mobile clr\" style=\"height: 20px\"><\/div>[\/vc_column][\/vc_row][vc_row][vc_column width=\u00bb1\/4&#8243;]<div id=\"cz_73169\" class=\"cz_73169 cz_banner clr\">\n\t\t\t<figure class=\"effect-style1\">\n\t\t\t\t<img class=\"\" src=\"data:image\/svg+xml,%3Csvg%20xmlns%3D&#39;http%3A%2F%2Fwww.w3.org%2F2000%2Fsvg&#39;%20width=&#39;300&#39;%20height=&#39;219&#39;%20viewBox%3D&#39;0%200%20300%20219&#39;%2F%3E\" data-czlz data-src=\"http:\/\/www.divinasonrisa.com.ve\/site\/wp-content\/uploads\/2020\/05\/endodoncia-divina-sonrisa-1-300x219.jpg\" width=\"300\" height=\"219\" alt=\"endodoncia-divina-sonrisa\" title=\"endodoncia-divina-sonrisa\" \/>\n\t\t\t\t<figcaption><div><h4>Endodoncia<\/h4><p class=\"cz_wpe_content\">M\u00e1s detalles<\/p><\/div><a href=\"http:\/\/www.divinasonrisa.com.ve\/site\/endodoncia\/\" title=\"Endodoncia\"> <\/a><\/figcaption>\t\t\t\n\t\t\t<\/figure>\n\t\t<\/div><div class=\"cz_gap clr  hide_on_tablet hide_on_mobile\" style=\"height: 20px\"><\/div><div class=\"cz_gap show_on_tablet clr  show_only_tablet\" style=\"height: 20px\"><\/div><div class=\"cz_gap show_on_mobile clr\" style=\"height: 20px\"><\/div>[\/vc_column][vc_column width=\u00bb1\/4&#8243;]<div id=\"cz_107172\" class=\"cz_107172 cz_banner clr\">\n\t\t\t<figure class=\"effect-style1\">\n\t\t\t\t<img class=\"\" src=\"data:image\/svg+xml,%3Csvg%20xmlns%3D&#39;http%3A%2F%2Fwww.w3.org%2F2000%2Fsvg&#39;%20width=&#39;300&#39;%20height=&#39;219&#39;%20viewBox%3D&#39;0%200%20300%20219&#39;%2F%3E\" data-czlz data-src=\"http:\/\/www.divinasonrisa.com.ve\/site\/wp-content\/uploads\/2020\/05\/periodoncia-dental-divina-sonrisa-300x219.jpg\" width=\"300\" height=\"219\" alt=\"periodoncia-dental-divina-sonrisa\" title=\"periodoncia-dental-divina-sonrisa\" \/>\n\t\t\t\t<figcaption><div><h4>Periodoncia<\/h4><p class=\"cz_wpe_content\">M\u00e1s detalles<\/p><\/div><a href=\"http:\/\/www.divinasonrisa.com.ve\/site\/periodoncia\/\" title=\"Periodoncia\"> <\/a><\/figcaption>\t\t\t\n\t\t\t<\/figure>\n\t\t<\/div><div class=\"cz_gap clr  hide_on_tablet hide_on_mobile\" style=\"height: 20px\"><\/div><div class=\"cz_gap show_on_tablet clr  show_only_tablet\" style=\"height: 20px\"><\/div><div class=\"cz_gap show_on_mobile clr\" style=\"height: 20px\"><\/div>[\/vc_column][vc_column width=\u00bb1\/4&#8243;]<div id=\"cz_94337\" class=\"cz_94337 cz_banner clr\">\n\t\t\t<figure class=\"effect-style1\">\n\t\t\t\t<img class=\"\" src=\"data:image\/svg+xml,%3Csvg%20xmlns%3D&#39;http%3A%2F%2Fwww.w3.org%2F2000%2Fsvg&#39;%20width=&#39;300&#39;%20height=&#39;219&#39;%20viewBox%3D&#39;0%200%20300%20219&#39;%2F%3E\" data-czlz data-src=\"http:\/\/www.divinasonrisa.com.ve\/site\/wp-content\/uploads\/2020\/05\/cirugia-maxilofacial-divina-sonrisa-1-300x219.jpg\" width=\"300\" height=\"219\" alt=\"cirugia-maxilofacial-divina-sonrisa\" title=\"cirugia-maxilofacial-divina-sonrisa\" \/>\n\t\t\t\t<figcaption><div><h4>Cirujano Maxilofacial<\/h4><p class=\"cz_wpe_content\">M\u00e1s detalles<\/p><\/div><a href=\"http:\/\/www.divinasonrisa.com.ve\/site\/cirugia-maxilofacial\/\" title=\"Cirug\u00eda Maxilofacial\"> <\/a><\/figcaption>\t\t\t\n\t\t\t<\/figure>\n\t\t<\/div><div class=\"cz_gap clr  hide_on_tablet hide_on_mobile\" style=\"height: 20px\"><\/div><div class=\"cz_gap show_on_tablet clr  show_only_tablet\" style=\"height: 20px\"><\/div><div class=\"cz_gap show_on_mobile clr\" style=\"height: 20px\"><\/div>[\/vc_column][vc_column width=\u00bb1\/4&#8243;]<div id=\"cz_101774\" class=\"cz_101774 cz_banner clr\">\n\t\t\t<figure class=\"effect-style1\">\n\t\t\t\t<img class=\"\" src=\"data:image\/svg+xml,%3Csvg%20xmlns%3D&#39;http%3A%2F%2Fwww.w3.org%2F2000%2Fsvg&#39;%20width=&#39;300&#39;%20height=&#39;219&#39;%20viewBox%3D&#39;0%200%20300%20219&#39;%2F%3E\" data-czlz data-src=\"http:\/\/www.divinasonrisa.com.ve\/site\/wp-content\/uploads\/2020\/05\/FOTOS-RADIO-4-1024x679-1-300x219.jpg\" width=\"300\" height=\"219\" alt=\"Consultorio\" title=\"FOTOS-RADIO-4-1024x679-divina-sonrisa\" \/>\n\t\t\t\t<figcaption><div><h4>Planifica tu cita<\/h4><p class=\"cz_wpe_content\">Escr\u00edbenos<\/p><\/div><a href=\"http:\/\/www.divinasonrisa.com.ve\/site\/contactenos\/\" title=\"Cont\u00e1ctenos\"> <\/a><\/figcaption>\t\t\t\n\t\t\t<\/figure>\n\t\t<\/div><div class=\"cz_gap clr  hide_on_tablet hide_on_mobile\" style=\"height: 20px\"><\/div><div class=\"cz_gap show_on_tablet clr  show_only_tablet\" style=\"height: 70px\"><\/div><div class=\"cz_gap show_on_mobile clr\" style=\"height: 70px\"><\/div>[\/vc_column][\/vc_row]<\/p>\n","protected":false},"excerpt":{"rendered":"<p>[vc_row][vc_column][\/vc_column][\/vc_row][vc_row][vc_column][\/vc_column][\/vc_row][vc_row][vc_column width=\u00bb1\/4&#8243;][\/vc_column][vc_column width=\u00bb1\/4&#8243;][\/vc_column][vc_column width=\u00bb1\/4&#8243;][\/vc_column][vc_column width=\u00bb1\/4&#8243;][\/vc_column][\/vc_row][vc_row][vc_column width=\u00bb1\/4&#8243;][\/vc_column][vc_column width=\u00bb1\/4&#8243;][\/vc_column][vc_column width=\u00bb1\/4&#8243;][\/vc_column][vc_column width=\u00bb1\/4&#8243;][\/vc_column][\/vc_row] &#8230; <\/p>\n","protected":false},"author":1,"featured_media":0,"parent":0,"menu_order":0,"comment_status":"closed","ping_status":"closed","template":"","meta":[],"yoast_head":"<!-- This site is optimized with the Yoast SEO plugin v18.6 - https:\/\/yoast.com\/wordpress\/plugins\/seo\/ -->\n<title>Servicios - Divina Sonrisa<\/title>\n<meta name=\"description\" content=\"Especialidades odontol\u00f3gicas, Odontolog\u00eda General, Ortodoncia, Est\u00e9tica Dental, Odontopediatr\u00eda, Endodoncia, Periodoncia, Cirug\u00eda Maxilofacial.\" \/>\n<meta name=\"robots\" content=\"index, follow, max-snippet:-1, max-image-preview:large, max-video-preview:-1\" \/>\n<link rel=\"canonical\" href=\"http:\/\/www.divinasonrisa.com.ve\/site\/servicios\/\" \/>\n<meta property=\"og:locale\" content=\"es_ES\" \/>\n<meta property=\"og:type\" content=\"article\" \/>\n<meta property=\"og:title\" content=\"Servicios - Divina Sonrisa\" \/>\n<meta property=\"og:description\" content=\"Especialidades odontol\u00f3gicas, Odontolog\u00eda General, Ortodoncia, Est\u00e9tica Dental, Odontopediatr\u00eda, Endodoncia, Periodoncia, Cirug\u00eda Maxilofacial.\" \/>\n<meta property=\"og:url\" content=\"http:\/\/www.divinasonrisa.com.ve\/site\/servicios\/\" \/>\n<meta property=\"og:site_name\" content=\"Divina Sonrisa\" \/>\n<meta property=\"article:publisher\" content=\"https:\/\/www.facebook.com\/divinasonrisa.valencia\/\" \/>\n<meta property=\"article:modified_time\" content=\"2020-07-15T18:57:05+00:00\" \/>\n<meta name=\"twitter:card\" content=\"summary_large_image\" \/>\n<meta name=\"twitter:site\" content=\"@divinasonrisa_\" \/>\n<meta name=\"twitter:label1\" content=\"Tiempo de lectura\" \/>\n\t<meta name=\"twitter:data1\" content=\"3 minutos\" \/>\n<script type=\"application\/ld+json\" class=\"yoast-schema-graph\">{\"@context\":\"https:\/\/schema.org\",\"@graph\":[{\"@type\":\"Organization\",\"@id\":\"http:\/\/www.divinasonrisa.com.ve\/site\/#organization\",\"name\":\"Centro de Especialidades Odontol\u00f3gicas\",\"url\":\"http:\/\/www.divinasonrisa.com.ve\/site\/\",\"sameAs\":[\"https:\/\/www.facebook.com\/divinasonrisa.valencia\/\",\"https:\/\/www.instagram.com\/divinasonrisa\/\",\"https:\/\/twitter.com\/divinasonrisa_\"],\"logo\":{\"@type\":\"ImageObject\",\"@id\":\"http:\/\/www.divinasonrisa.com.ve\/site\/#logo\",\"inLanguage\":\"es\",\"url\":\"http:\/\/www.divinasonrisa.com.ve\/site\/wp-content\/uploads\/2020\/05\/logo-divina-sonrisa-II.png\",\"contentUrl\":\"http:\/\/www.divinasonrisa.com.ve\/site\/wp-content\/uploads\/2020\/05\/logo-divina-sonrisa-II.png\",\"width\":81,\"height\":81,\"caption\":\"Centro de Especialidades Odontol\u00f3gicas\"},\"image\":{\"@id\":\"http:\/\/www.divinasonrisa.com.ve\/site\/#logo\"}},{\"@type\":\"WebSite\",\"@id\":\"http:\/\/www.divinasonrisa.com.ve\/site\/#website\",\"url\":\"http:\/\/www.divinasonrisa.com.ve\/site\/\",\"name\":\"Inv. Divina Sonrisa\",\"description\":\"Centro de Especialidades Odontol\u00f3gicas\",\"publisher\":{\"@id\":\"http:\/\/www.divinasonrisa.com.ve\/site\/#organization\"},\"potentialAction\":[{\"@type\":\"SearchAction\",\"target\":{\"@type\":\"EntryPoint\",\"urlTemplate\":\"http:\/\/www.divinasonrisa.com.ve\/site\/?s={search_term_string}\"},\"query-input\":\"required name=search_term_string\"}],\"inLanguage\":\"es\"},{\"@type\":\"WebPage\",\"@id\":\"http:\/\/www.divinasonrisa.com.ve\/site\/servicios\/#webpage\",\"url\":\"http:\/\/www.divinasonrisa.com.ve\/site\/servicios\/\",\"name\":\"Servicios - Divina Sonrisa\",\"isPartOf\":{\"@id\":\"http:\/\/www.divinasonrisa.com.ve\/site\/#website\"},\"datePublished\":\"2017-06-10T08:25:36+00:00\",\"dateModified\":\"2020-07-15T18:57:05+00:00\",\"description\":\"Especialidades odontol\u00f3gicas, Odontolog\u00eda General, Ortodoncia, Est\u00e9tica Dental, Odontopediatr\u00eda, Endodoncia, Periodoncia, Cirug\u00eda Maxilofacial.\",\"breadcrumb\":{\"@id\":\"http:\/\/www.divinasonrisa.com.ve\/site\/servicios\/#breadcrumb\"},\"inLanguage\":\"es\",\"potentialAction\":[{\"@type\":\"ReadAction\",\"target\":[\"http:\/\/www.divinasonrisa.com.ve\/site\/servicios\/\"]}]},{\"@type\":\"BreadcrumbList\",\"@id\":\"http:\/\/www.divinasonrisa.com.ve\/site\/servicios\/#breadcrumb\",\"itemListElement\":[{\"@type\":\"ListItem\",\"position\":1,\"name\":\"Portada\",\"item\":\"http:\/\/www.divinasonrisa.com.ve\/site\/\"},{\"@type\":\"ListItem\",\"position\":2,\"name\":\"Servicios\"}]}]}<\/script>\n<!-- \/ Yoast SEO plugin. -->","yoast_head_json":{"title":"Servicios - Divina Sonrisa","description":"Especialidades odontol\u00f3gicas, Odontolog\u00eda General, Ortodoncia, Est\u00e9tica Dental, Odontopediatr\u00eda, Endodoncia, Periodoncia, Cirug\u00eda Maxilofacial.","robots":{"index":"index","follow":"follow","max-snippet":"max-snippet:-1","max-image-preview":"max-image-preview:large","max-video-preview":"max-video-preview:-1"},"canonical":"http:\/\/www.divinasonrisa.com.ve\/site\/servicios\/","og_locale":"es_ES","og_type":"article","og_title":"Servicios - Divina Sonrisa","og_description":"Especialidades odontol\u00f3gicas, Odontolog\u00eda General, Ortodoncia, Est\u00e9tica Dental, Odontopediatr\u00eda, Endodoncia, Periodoncia, Cirug\u00eda Maxilofacial.","og_url":"http:\/\/www.divinasonrisa.com.ve\/site\/servicios\/","og_site_name":"Divina Sonrisa","article_publisher":"https:\/\/www.facebook.com\/divinasonrisa.valencia\/","article_modified_time":"2020-07-15T18:57:05+00:00","twitter_card":"summary_large_image","twitter_site":"@divinasonrisa_","twitter_misc":{"Tiempo de lectura":"3 minutos"},"schema":{"@context":"https:\/\/schema.org","@graph":[{"@type":"Organization","@id":"http:\/\/www.divinasonrisa.com.ve\/site\/#organization","name":"Centro de Especialidades Odontol\u00f3gicas","url":"http:\/\/www.divinasonrisa.com.ve\/site\/","sameAs":["https:\/\/www.facebook.com\/divinasonrisa.valencia\/","https:\/\/www.instagram.com\/divinasonrisa\/","https:\/\/twitter.com\/divinasonrisa_"],"logo":{"@type":"ImageObject","@id":"http:\/\/www.divinasonrisa.com.ve\/site\/#logo","inLanguage":"es","url":"http:\/\/www.divinasonrisa.com.ve\/site\/wp-content\/uploads\/2020\/05\/logo-divina-sonrisa-II.png","contentUrl":"http:\/\/www.divinasonrisa.com.ve\/site\/wp-content\/uploads\/2020\/05\/logo-divina-sonrisa-II.png","width":81,"height":81,"caption":"Centro de Especialidades Odontol\u00f3gicas"},"image":{"@id":"http:\/\/www.divinasonrisa.com.ve\/site\/#logo"}},{"@type":"WebSite","@id":"http:\/\/www.divinasonrisa.com.ve\/site\/#website","url":"http:\/\/www.divinasonrisa.com.ve\/site\/","name":"Inv. Divina Sonrisa","description":"Centro de Especialidades Odontol\u00f3gicas","publisher":{"@id":"http:\/\/www.divinasonrisa.com.ve\/site\/#organization"},"potentialAction":[{"@type":"SearchAction","target":{"@type":"EntryPoint","urlTemplate":"http:\/\/www.divinasonrisa.com.ve\/site\/?s={search_term_string}"},"query-input":"required name=search_term_string"}],"inLanguage":"es"},{"@type":"WebPage","@id":"http:\/\/www.divinasonrisa.com.ve\/site\/servicios\/#webpage","url":"http:\/\/www.divinasonrisa.com.ve\/site\/servicios\/","name":"Servicios - Divina Sonrisa","isPartOf":{"@id":"http:\/\/www.divinasonrisa.com.ve\/site\/#website"},"datePublished":"2017-06-10T08:25:36+00:00","dateModified":"2020-07-15T18:57:05+00:00","description":"Especialidades odontol\u00f3gicas, Odontolog\u00eda General, Ortodoncia, Est\u00e9tica Dental, Odontopediatr\u00eda, Endodoncia, Periodoncia, Cirug\u00eda Maxilofacial.","breadcrumb":{"@id":"http:\/\/www.divinasonrisa.com.ve\/site\/servicios\/#breadcrumb"},"inLanguage":"es","potentialAction":[{"@type":"ReadAction","target":["http:\/\/www.divinasonrisa.com.ve\/site\/servicios\/"]}]},{"@type":"BreadcrumbList","@id":"http:\/\/www.divinasonrisa.com.ve\/site\/servicios\/#breadcrumb","itemListElement":[{"@type":"ListItem","position":1,"name":"Portada","item":"http:\/\/www.divinasonrisa.com.ve\/site\/"},{"@type":"ListItem","position":2,"name":"Servicios"}]}]}},"_links":{"self":[{"href":"http:\/\/www.divinasonrisa.com.ve\/site\/wp-json\/wp\/v2\/pages\/17"}],"collection":[{"href":"http:\/\/www.divinasonrisa.com.ve\/site\/wp-json\/wp\/v2\/pages"}],"about":[{"href":"http:\/\/www.divinasonrisa.com.ve\/site\/wp-json\/wp\/v2\/types\/page"}],"author":[{"embeddable":true,"href":"http:\/\/www.divinasonrisa.com.ve\/site\/wp-json\/wp\/v2\/users\/1"}],"replies":[{"embeddable":true,"href":"http:\/\/www.divinasonrisa.com.ve\/site\/wp-json\/wp\/v2\/comments?post=17"}],"version-history":[{"count":20,"href":"http:\/\/www.divinasonrisa.com.ve\/site\/wp-json\/wp\/v2\/pages\/17\/revisions"}],"predecessor-version":[{"id":898,"href":"http:\/\/www.divinasonrisa.com.ve\/site\/wp-json\/wp\/v2\/pages\/17\/revisions\/898"}],"wp:attachment":[{"href":"http:\/\/www.divinasonrisa.com.ve\/site\/wp-json\/wp\/v2\/media?parent=17"}],"curies":[{"name":"wp","href":"https:\/\/api.w.org\/{rel}","templated":true}]}}