{"id":902,"date":"2020-05-19T17:08:35","date_gmt":"2020-05-19T17:08:35","guid":{"rendered":"http:\/\/www.divinasonrisa.com.ve\/site\/?page_id=902"},"modified":"2020-07-15T18:22:44","modified_gmt":"2020-07-15T18:22:44","slug":"odontologia-general","status":"publish","type":"page","link":"http:\/\/www.divinasonrisa.com.ve\/site\/odontologia-general\/","title":{"rendered":"Odontolog\u00eda general"},"content":{"rendered":"<p>[vc_row][vc_column]<div class=\"cz_gap clr  hide_on_tablet hide_on_mobile\" style=\"height: 30px\"><\/div><div class=\"cz_gap show_on_tablet clr \" style=\"height: 0px\"><\/div>[\/vc_column][\/vc_row][vc_row][vc_column width=\u00bb1\/3&#8243;]<div id=\"cz_77106\" class=\"cz_77106 cz_image clr cz_image_no_fx center_on_mobile\"><div class=\"\" ><div class=\"cz_image_in\"><div class=\"cz_main_image\"><img width=\"396\" height=\"500\" src=\"data:image\/svg+xml,%3Csvg%20xmlns%3D&#39;http%3A%2F%2Fwww.w3.org%2F2000%2Fsvg&#39;%20width=&#39;396&#39;%20height=&#39;500&#39;%20viewBox%3D&#39;0%200%20396%20500&#39;%2F%3E\" data-czlz data-src=\"http:\/\/www.divinasonrisa.com.ve\/site\/wp-content\/uploads\/2020\/05\/odontologia-general-divina-sonrisa.jpg\" class=\"attachment-full\" alt=\"odontologia-general-divina-sonrisa\" title=\"odontologia-general-divina-sonrisa\" data-srcset=\"http:\/\/www.divinasonrisa.com.ve\/site\/wp-content\/uploads\/2020\/05\/odontologia-general-divina-sonrisa.jpg 396w, http:\/\/www.divinasonrisa.com.ve\/site\/wp-content\/uploads\/2020\/05\/odontologia-general-divina-sonrisa-238x300.jpg 238w\" data-sizes=\"(max-width: 396px) 100vw, 396px\" \/><\/div><\/div><\/div><\/div><div class=\"cz_gap clr  hide_on_tablet hide_on_mobile\" style=\"height: 10px\"><\/div><div class=\"cz_gap show_on_tablet clr \" style=\"height: 50px\"><\/div>[\/vc_column][vc_column width=\u00bb2\/3&#8243;]<div id=\"cz_106844\" class=\"cz_106844 cz_title clr cz_title_has_icon cz_title_pos_inline\"><div class=\"cz_title_shape shape_text cz_shape_1\">SERVICIOS<\/div><div class=\"cz_title_content\"><span class=\"cz_title_icon_before cz_title_image\"><img width=\"53\" height=\"54\" src=\"data:image\/svg+xml,%3Csvg%20xmlns%3D&#39;http%3A%2F%2Fwww.w3.org%2F2000%2Fsvg&#39;%20width=&#39;53&#39;%20height=&#39;54&#39;%20viewBox%3D&#39;0%200%2053%2054&#39;%2F%3E\" data-czlz data-src=\"http:\/\/www.divinasonrisa.com.ve\/site\/wp-content\/uploads\/2020\/05\/odontologo-general-divina-sonrisa.png\" class=\"attachment-thumbnail\" alt=\"odontologo general\" title=\"Odontologo General\" \/><\/span><div class=\"cz_wpe_content\"><p><span style=\"color: #808080;\">Inv. Divina Sonrisa<\/span><\/p>\n<h3>Odontolog\u00eda <span style=\"color: #7e4383;\">General<\/span><\/h3>\n<\/div><\/div><\/div><div class=\"cz_gap clr  hide_on_tablet hide_on_mobile\" style=\"height: 35px\"><\/div><div class=\"cz_gap show_on_tablet clr  show_only_tablet\" style=\"height: 20px\"><\/div><div class=\"cz_gap show_on_mobile clr\" style=\"height: 20px\"><\/div><div id=\"cz_70667\" class=\"cz_70667 cz_sml\"><div class=\"cz_sml_inner\"><div class=\"cz_wpe_content\">[vc_column_text]<\/p>\n<div class=\"wpb_wrapper\">\n<p>\u00bfTiene alg\u00fan problema espec\u00edfico? \u00bfQu\u00e9 especialista deber\u00eda visitar? Son algunas de las preguntas m\u00e1s frecuentes de los pacientes.<\/p>\n<p>Inicialmente debe acudir al\u00a0<b>ODONT\u00d3LOGO GENERAL<\/b>\u00a0quien se encuentra capacitado para diagnosticar, prevenir y tratar los problemas b\u00e1sicos del p\u00fablico en general. Muchos de los \u00abgeneralistas\u00bb tienen gran habilidad cl\u00ednica y se mantienen actualizados asistiendo a congresos y cursos de educaci\u00f3n continua. Si usted requiere de un chequeo de rutina o de odontolog\u00eda b\u00e1sica, el odont\u00f3logo general puede prestarle atenci\u00f3n adecuadamente. Sin embargo, la informaci\u00f3n y los conocimientos en odontolog\u00eda son extensos y existen numerosos casos en los cuales se requiere de la intervenci\u00f3n de profesionales con entrenamientos intensivos llamados \u00abespecialistas\u00bb.<\/p>\n<p>Debido a que las diferentes \u00e1reas de la odontolog\u00eda se han hecho complejas y altamente tecnificadas, estos individuos se encuentran entrenados para ejecutar t\u00e9cnicas avanzadas brindando resultados altamente predecibles y muchas veces sorprendentes a los pacientes.<\/p>\n<p>Un buen odont\u00f3logo general reconoce sus limitaciones y refiere los casos complejos a los especialistas.<\/p>\n<p>Es importante dejar claro que un verdadero especialista debe haber cursado estudios de cuarto nivel o post-grado en alguna Universidad nacional o extranjera reconocida. Esto requiere de estudios adicionales de varios a\u00f1os dependiendo de la especialidad.<\/p>\n<\/div>\n<p>[\/vc_column_text]<\/div><div class=\"cz_sml_overlay\"><\/div><\/div><a id=\"cz_show_more_less_btn\" href=\"#more_less\"><span>Mostrar m\u00e1s<i class=\"fa fa-angle-down ml8\"><\/i><\/span><span>Mostrar menos<i class=\"fa fa-angle-up ml8\"><\/i><\/span><\/a><\/div><div class=\"cz_gap clr  hide_on_mobile\" style=\"height: 1px\"><\/div><div class=\"cz_gap show_on_mobile clr\" style=\"height: 30px\"><\/div>[\/vc_column][\/vc_row][vc_row full_width=\u00bbstretch_row\u00bb css=\u00bb.vc_custom_1589913113766{padding-top: 60px !important;padding-bottom: 60px !important;background-color: rgba(126,67,131,0.1) !important;*background-color: rgb(126,67,131) !important;}\u00bb][vc_column width=\u00bb2\/3&#8243;]<div id=\"cz_44782\" class=\"cz_44782 cz_title clr cz_smart_fs cz_mobile_text_center cz_title_pos_left\"><div class=\"cz_title_shape shape_text cz_shape_1\">ODONTOLOG\u00cdA<\/div><div class=\"cz_title_content\"><div class=\"cz_wpe_content\"><p style=\"text-align: left;\"><span style=\"color: #808080;\">Inv. Divina Sonrisa<\/span><\/p>\n<h3 style=\"text-align: left;\">La pr\u00e1ctica de la odontolog\u00eda general\u00a0<span style=\"color: #7e4383;\">incluye:<\/span><\/h3>\n<\/div><\/div><\/div><div class=\"cz_gap clr  hide_on_tablet hide_on_mobile\" style=\"height: 55px\"><\/div><div class=\"cz_gap show_on_tablet clr  show_only_tablet\" style=\"height: 40px\"><\/div><div class=\"cz_gap show_on_mobile clr\" style=\"height: 40px\"><\/div><ul id=\"cz_42752\" class=\"cz_42752 cz_stylish_list clr cz_sl_icon_hover_zoom_in\"><li class=\"clr\"><div class=\"cz_sl_icon\"><i class=\"fa fa-check mr10\"><\/i><\/div><div><span>Educaci\u00f3n al paciente t\u00e9cnica de cepillado.<\/span><\/div><\/li><li class=\"clr\"><div class=\"cz_sl_icon\"><i class=\"fa fa-check mr10\"><\/i><\/div><div><span>Pulido de esmalte.<\/span><\/div><\/li><li class=\"clr\"><div class=\"cz_sl_icon\"><i class=\"fa fa-check mr10\"><\/i><\/div><div><span>Remoci\u00f3n de resina post ortodoncia de una manera biosegura. Sin que se afecte o ralle el esmalte de diente<\/span><\/div><\/li><li class=\"clr\"><div class=\"cz_sl_icon\"><i class=\"fa fa-check mr10\"><\/i><\/div><div><span>La limpieza dentaria, contamos con equipos de \u00faltima tecnolog\u00eda para hacer menos traum\u00e1tica su experiencia y m\u00e1s eficiente y eficaz su tratamiento.<\/span><\/div><\/li><li class=\"clr\"><div class=\"cz_sl_icon\"><i class=\"fa fa-check mr10\"><\/i><\/div><div><span>Restauraciones dentarias en resinas<\/span><\/div><\/li><li class=\"clr\"><div class=\"cz_sl_icon\"><i class=\"fa fa-check mr10\"><\/i><\/div><div><span>Extracci\u00f3n de los dientes, e identificar los trastornos gingivales (de las enc\u00edas), mal posiciones dentarias.<\/span><\/div><\/li><li class=\"clr\"><div class=\"cz_sl_icon\"><i class=\"fa fa-check mr10\"><\/i><\/div><div><span>Nuestros profesionales est\u00e1n capacitados para identificar, tratar y referir los casos que ameriten de un profesional Especializado, con los cuales contamos. De esta manera poder garantizar el \u00e9xito de los tratamientos de manera especializada y personalizada.<\/span><\/div><\/li><\/ul>[\/vc_column][vc_column width=\u00bb1\/3&#8243;]<div class=\"cz_gap clr  hide_on_tablet hide_on_mobile\" style=\"height: 135px\"><\/div><div class=\"cz_gap show_on_tablet clr  show_only_tablet\" style=\"height: 40px\"><\/div><div class=\"cz_gap show_on_mobile clr\" style=\"height: 40px\"><\/div><div id=\"cz_26554\" class=\"cz_26554 cz_image clr cz_image_no_fx center_on_mobile\"><div class=\"\" ><div class=\"cz_image_in\"><div class=\"cz_main_image\"><img width=\"169\" height=\"166\" src=\"data:image\/svg+xml,%3Csvg%20xmlns%3D&#39;http%3A%2F%2Fwww.w3.org%2F2000%2Fsvg&#39;%20width=&#39;169&#39;%20height=&#39;166&#39;%20viewBox%3D&#39;0%200%20169%20166&#39;%2F%3E\" data-czlz data-src=\"http:\/\/www.divinasonrisa.com.ve\/site\/wp-content\/uploads\/2020\/05\/cita-divina-sonrisa.png\" class=\"attachment-full\" alt=\"cita-divina-sonrisa\" title=\"\" \/><\/div><\/div><\/div><\/div><div class=\"cz_btn_center\"><div class=\"cz_94268_p\"><a id=\"cz_94268\" class=\"cz_94268 cz_btn cz_btn_txt_move_right cz_btn_absorber cz_btn_icon_after\" href=\"#cita\"><span><strong>Haz una cita<\/strong><i class=\"fa fa-angle-double-right\"><\/i><\/span><b class=\"cz_btn_onhover\"><strong>Haz una cita<\/strong><i class=\"fa fa-angle-double-right\"><\/i><\/b><\/a><\/div><\/div>[\/vc_column][\/vc_row][vc_row][vc_column]<div class=\"cz_gap show_on_tablet clr  show_only_tablet\" style=\"height: 100px\"><\/div><div class=\"cz_gap show_on_mobile clr\" style=\"height: 100px\"><\/div>[\/vc_column][\/vc_row]<\/p>\n","protected":false},"excerpt":{"rendered":"<p>[vc_row][vc_column][\/vc_column][\/vc_row][vc_row][vc_column width=\u00bb1\/3&#8243;][\/vc_column][vc_column width=\u00bb2\/3&#8243;][\/vc_column][\/vc_row][vc_row full_width=\u00bbstretch_row\u00bb css=\u00bb.vc_custom_1589913113766{padding-top: 60px !important;padding-bottom: 60px !important;background-color: rgba(126,67,131,0.1) !important;*background-color: &#8230; <\/p>\n","protected":false},"author":1,"featured_media":0,"parent":0,"menu_order":0,"comment_status":"closed","ping_status":"closed","template":"","meta":[],"yoast_head":"<!-- This site is optimized with the Yoast SEO plugin v18.6 - https:\/\/yoast.com\/wordpress\/plugins\/seo\/ -->\n<title>Odontolog\u00eda general - Divina Sonrisa<\/title>\n<meta name=\"description\" content=\"El ODONT\u00d3LOGO GENERAL quien se encuentra capacitado para diagnosticar, prevenir y tratar los problemas bucales b\u00e1sicos del p\u00fablico.\" \/>\n<meta name=\"robots\" content=\"index, follow, max-snippet:-1, max-image-preview:large, max-video-preview:-1\" \/>\n<link rel=\"canonical\" href=\"http:\/\/www.divinasonrisa.com.ve\/site\/odontologia-general\/\" \/>\n<meta property=\"og:locale\" content=\"es_ES\" \/>\n<meta property=\"og:type\" content=\"article\" \/>\n<meta property=\"og:title\" content=\"Odontolog\u00eda general - Divina Sonrisa\" \/>\n<meta property=\"og:description\" content=\"El ODONT\u00d3LOGO GENERAL quien se encuentra capacitado para diagnosticar, prevenir y tratar los problemas bucales b\u00e1sicos del p\u00fablico.\" \/>\n<meta property=\"og:url\" content=\"http:\/\/www.divinasonrisa.com.ve\/site\/odontologia-general\/\" \/>\n<meta property=\"og:site_name\" content=\"Divina Sonrisa\" \/>\n<meta property=\"article:publisher\" content=\"https:\/\/www.facebook.com\/divinasonrisa.valencia\/\" \/>\n<meta property=\"article:modified_time\" content=\"2020-07-15T18:22:44+00:00\" \/>\n<meta name=\"twitter:card\" content=\"summary_large_image\" \/>\n<meta name=\"twitter:site\" content=\"@divinasonrisa_\" \/>\n<meta name=\"twitter:label1\" content=\"Tiempo de lectura\" \/>\n\t<meta name=\"twitter:data1\" content=\"4 minutos\" \/>\n<script type=\"application\/ld+json\" class=\"yoast-schema-graph\">{\"@context\":\"https:\/\/schema.org\",\"@graph\":[{\"@type\":\"Organization\",\"@id\":\"http:\/\/www.divinasonrisa.com.ve\/site\/#organization\",\"name\":\"Centro de Especialidades Odontol\u00f3gicas\",\"url\":\"http:\/\/www.divinasonrisa.com.ve\/site\/\",\"sameAs\":[\"https:\/\/www.facebook.com\/divinasonrisa.valencia\/\",\"https:\/\/www.instagram.com\/divinasonrisa\/\",\"https:\/\/twitter.com\/divinasonrisa_\"],\"logo\":{\"@type\":\"ImageObject\",\"@id\":\"http:\/\/www.divinasonrisa.com.ve\/site\/#logo\",\"inLanguage\":\"es\",\"url\":\"http:\/\/www.divinasonrisa.com.ve\/site\/wp-content\/uploads\/2020\/05\/logo-divina-sonrisa-II.png\",\"contentUrl\":\"http:\/\/www.divinasonrisa.com.ve\/site\/wp-content\/uploads\/2020\/05\/logo-divina-sonrisa-II.png\",\"width\":81,\"height\":81,\"caption\":\"Centro de Especialidades Odontol\u00f3gicas\"},\"image\":{\"@id\":\"http:\/\/www.divinasonrisa.com.ve\/site\/#logo\"}},{\"@type\":\"WebSite\",\"@id\":\"http:\/\/www.divinasonrisa.com.ve\/site\/#website\",\"url\":\"http:\/\/www.divinasonrisa.com.ve\/site\/\",\"name\":\"Inv. Divina Sonrisa\",\"description\":\"Centro de Especialidades Odontol\u00f3gicas\",\"publisher\":{\"@id\":\"http:\/\/www.divinasonrisa.com.ve\/site\/#organization\"},\"potentialAction\":[{\"@type\":\"SearchAction\",\"target\":{\"@type\":\"EntryPoint\",\"urlTemplate\":\"http:\/\/www.divinasonrisa.com.ve\/site\/?s={search_term_string}\"},\"query-input\":\"required name=search_term_string\"}],\"inLanguage\":\"es\"},{\"@type\":\"WebPage\",\"@id\":\"http:\/\/www.divinasonrisa.com.ve\/site\/odontologia-general\/#webpage\",\"url\":\"http:\/\/www.divinasonrisa.com.ve\/site\/odontologia-general\/\",\"name\":\"Odontolog\u00eda general - Divina Sonrisa\",\"isPartOf\":{\"@id\":\"http:\/\/www.divinasonrisa.com.ve\/site\/#website\"},\"datePublished\":\"2020-05-19T17:08:35+00:00\",\"dateModified\":\"2020-07-15T18:22:44+00:00\",\"description\":\"El ODONT\u00d3LOGO GENERAL quien se encuentra capacitado para diagnosticar, prevenir y tratar los problemas bucales b\u00e1sicos del p\u00fablico.\",\"breadcrumb\":{\"@id\":\"http:\/\/www.divinasonrisa.com.ve\/site\/odontologia-general\/#breadcrumb\"},\"inLanguage\":\"es\",\"potentialAction\":[{\"@type\":\"ReadAction\",\"target\":[\"http:\/\/www.divinasonrisa.com.ve\/site\/odontologia-general\/\"]}]},{\"@type\":\"BreadcrumbList\",\"@id\":\"http:\/\/www.divinasonrisa.com.ve\/site\/odontologia-general\/#breadcrumb\",\"itemListElement\":[{\"@type\":\"ListItem\",\"position\":1,\"name\":\"Portada\",\"item\":\"http:\/\/www.divinasonrisa.com.ve\/site\/\"},{\"@type\":\"ListItem\",\"position\":2,\"name\":\"Odontolog\u00eda general\"}]}]}<\/script>\n<!-- \/ Yoast SEO plugin. -->","yoast_head_json":{"title":"Odontolog\u00eda general - Divina Sonrisa","description":"El ODONT\u00d3LOGO GENERAL quien se encuentra capacitado para diagnosticar, prevenir y tratar los problemas bucales b\u00e1sicos del p\u00fablico.","robots":{"index":"index","follow":"follow","max-snippet":"max-snippet:-1","max-image-preview":"max-image-preview:large","max-video-preview":"max-video-preview:-1"},"canonical":"http:\/\/www.divinasonrisa.com.ve\/site\/odontologia-general\/","og_locale":"es_ES","og_type":"article","og_title":"Odontolog\u00eda general - Divina Sonrisa","og_description":"El ODONT\u00d3LOGO GENERAL quien se encuentra capacitado para diagnosticar, prevenir y tratar los problemas bucales b\u00e1sicos del p\u00fablico.","og_url":"http:\/\/www.divinasonrisa.com.ve\/site\/odontologia-general\/","og_site_name":"Divina Sonrisa","article_publisher":"https:\/\/www.facebook.com\/divinasonrisa.valencia\/","article_modified_time":"2020-07-15T18:22:44+00:00","twitter_card":"summary_large_image","twitter_site":"@divinasonrisa_","twitter_misc":{"Tiempo de lectura":"4 minutos"},"schema":{"@context":"https:\/\/schema.org","@graph":[{"@type":"Organization","@id":"http:\/\/www.divinasonrisa.com.ve\/site\/#organization","name":"Centro de Especialidades Odontol\u00f3gicas","url":"http:\/\/www.divinasonrisa.com.ve\/site\/","sameAs":["https:\/\/www.facebook.com\/divinasonrisa.valencia\/","https:\/\/www.instagram.com\/divinasonrisa\/","https:\/\/twitter.com\/divinasonrisa_"],"logo":{"@type":"ImageObject","@id":"http:\/\/www.divinasonrisa.com.ve\/site\/#logo","inLanguage":"es","url":"http:\/\/www.divinasonrisa.com.ve\/site\/wp-content\/uploads\/2020\/05\/logo-divina-sonrisa-II.png","contentUrl":"http:\/\/www.divinasonrisa.com.ve\/site\/wp-content\/uploads\/2020\/05\/logo-divina-sonrisa-II.png","width":81,"height":81,"caption":"Centro de Especialidades Odontol\u00f3gicas"},"image":{"@id":"http:\/\/www.divinasonrisa.com.ve\/site\/#logo"}},{"@type":"WebSite","@id":"http:\/\/www.divinasonrisa.com.ve\/site\/#website","url":"http:\/\/www.divinasonrisa.com.ve\/site\/","name":"Inv. Divina Sonrisa","description":"Centro de Especialidades Odontol\u00f3gicas","publisher":{"@id":"http:\/\/www.divinasonrisa.com.ve\/site\/#organization"},"potentialAction":[{"@type":"SearchAction","target":{"@type":"EntryPoint","urlTemplate":"http:\/\/www.divinasonrisa.com.ve\/site\/?s={search_term_string}"},"query-input":"required name=search_term_string"}],"inLanguage":"es"},{"@type":"WebPage","@id":"http:\/\/www.divinasonrisa.com.ve\/site\/odontologia-general\/#webpage","url":"http:\/\/www.divinasonrisa.com.ve\/site\/odontologia-general\/","name":"Odontolog\u00eda general - Divina Sonrisa","isPartOf":{"@id":"http:\/\/www.divinasonrisa.com.ve\/site\/#website"},"datePublished":"2020-05-19T17:08:35+00:00","dateModified":"2020-07-15T18:22:44+00:00","description":"El ODONT\u00d3LOGO GENERAL quien se encuentra capacitado para diagnosticar, prevenir y tratar los problemas bucales b\u00e1sicos del p\u00fablico.","breadcrumb":{"@id":"http:\/\/www.divinasonrisa.com.ve\/site\/odontologia-general\/#breadcrumb"},"inLanguage":"es","potentialAction":[{"@type":"ReadAction","target":["http:\/\/www.divinasonrisa.com.ve\/site\/odontologia-general\/"]}]},{"@type":"BreadcrumbList","@id":"http:\/\/www.divinasonrisa.com.ve\/site\/odontologia-general\/#breadcrumb","itemListElement":[{"@type":"ListItem","position":1,"name":"Portada","item":"http:\/\/www.divinasonrisa.com.ve\/site\/"},{"@type":"ListItem","position":2,"name":"Odontolog\u00eda general"}]}]}},"_links":{"self":[{"href":"http:\/\/www.divinasonrisa.com.ve\/site\/wp-json\/wp\/v2\/pages\/902"}],"collection":[{"href":"http:\/\/www.divinasonrisa.com.ve\/site\/wp-json\/wp\/v2\/pages"}],"about":[{"href":"http:\/\/www.divinasonrisa.com.ve\/site\/wp-json\/wp\/v2\/types\/page"}],"author":[{"embeddable":true,"href":"http:\/\/www.divinasonrisa.com.ve\/site\/wp-json\/wp\/v2\/users\/1"}],"replies":[{"embeddable":true,"href":"http:\/\/www.divinasonrisa.com.ve\/site\/wp-json\/wp\/v2\/comments?post=902"}],"version-history":[{"count":40,"href":"http:\/\/www.divinasonrisa.com.ve\/site\/wp-json\/wp\/v2\/pages\/902\/revisions"}],"predecessor-version":[{"id":1164,"href":"http:\/\/www.divinasonrisa.com.ve\/site\/wp-json\/wp\/v2\/pages\/902\/revisions\/1164"}],"wp:attachment":[{"href":"http:\/\/www.divinasonrisa.com.ve\/site\/wp-json\/wp\/v2\/media?parent=902"}],"curies":[{"name":"wp","href":"https:\/\/api.w.org\/{rel}","templated":true}]}}